{"id":77,"date":"2019-11-25T12:51:28","date_gmt":"2019-11-25T11:51:28","guid":{"rendered":"http:\/\/www.glasoptik-goslar.de\/?page_id=77"},"modified":"2026-03-26T12:50:50","modified_gmt":"2026-03-26T11:50:50","slug":"ueber-uns","status":"publish","type":"page","link":"https:\/\/www.glasoptik-goslar.de\/","title":{"rendered":"\u00dcber uns"},"content":{"rendered":"\n<div class=\"wp-block-group\"><div class=\"wp-block-group__inner-container is-layout-flow wp-block-group-is-layout-flow\">\n<p class=\"has-text-align-left\">Die Firma <em>Glasoptik Goslar UG<\/em> fertigt optische Bauteile f\u00fcr die Beleuchtungs &#8211; und Sensorindustrie. In enger Kundenabstimmung stellen wir sp\u00e4hrische und asph\u00e4rische Bauteile her. Wir beherrschen die Fertigung jeder asph\u00e4rische Form, ob Hyperbel, Ellipse, Parabel oder korrigierten Fl\u00e4chen. Unsere St\u00e4rke sind hierbei gro\u00dfe <br>Rotationsellipsoid- und Rotationsparaboloidspiegel. Dieser sehr gro\u00dfen Spiegel mit relativ kleinen Brennweiten sind besonders gut f\u00fcr den Einsatz in Fotolithografiemaschinen geeignet. Hierbei fertigen wir bis zu einem Spiegeldurchmesser von 1200 mm und Scheiteltiefen von 250 mm. <br>Des Weiteren fr\u00e4sen, schleifen und polieren wir gro\u00dfe plan-asph\u00e4rische Linsen bis zu einem Gewicht von \u00fcber 2 kg. Auch Prismen werden von uns gefr\u00e4st, geschliffen und poliert. Hierbei k\u00f6nnen wir Bauteile von bis zu 10 kg bearbeiten. Wir sind in der Lage Sie bei Ihrem Designprozess zu unterst\u00fctzen, auch mit Hilfe leistungsstarker CAD-Software. <br>Durch eine hydrostatisch gelagerte CNC-Bearbeitungsmaschine k\u00f6nnen wir Einzellinsen oder Spiegel schnell und hochpr\u00e4zise fertigen. Hierbei erreichen wir Zustellgenauigkeiten von bis zu 300 Nanometer. Sonderkonstruktionen wie gro\u00dfe Polyspiegel oder Cassegrainsystem fertigen wir gerne nach Ihren Vorgaben. Wir sind auf Einzelteilfertigung, sowie auf Serienfertigung von bis zu einigen tausend St\u00fcck im Jahr ausgelegt. <br>Sprechen Sie uns an, wir freuen uns auf eine Zusammenarbeit mit Ihnen!<br><\/p>\n<\/div><\/div>\n","protected":false},"excerpt":{"rendered":"<p>Die Firma Glasoptik Goslar UG fertigt optische Bauteile f\u00fcr die Beleuchtungs &#8211; und Sensorindustrie. In enger Kundenabstimmung stellen wir sp\u00e4hrische und asph\u00e4rische Bauteile her. Wir beherrschen die Fertigung jeder asph\u00e4rische Form, ob Hyperbel, Ellipse, Parabel oder korrigierten Fl\u00e4chen. Unsere St\u00e4rke sind hierbei gro\u00dfe Rotationsellipsoid- und Rotationsparaboloidspiegel. Dieser sehr gro\u00dfen Spiegel mit relativ kleinen Brennweiten sind &hellip; <\/p>\n<p class=\"link-more\"><a href=\"https:\/\/www.glasoptik-goslar.de\/\" class=\"more-link\"><span class=\"screen-reader-text\">\u201e\u00dcber uns\u201c<\/span> weiterlesen<\/a><\/p>\n","protected":false},"author":1,"featured_media":0,"parent":0,"menu_order":0,"comment_status":"closed","ping_status":"closed","template":"","meta":{"footnotes":""},"class_list":["post-77","page","type-page","status-publish","hentry"],"_links":{"self":[{"href":"https:\/\/www.glasoptik-goslar.de\/index.php\/wp-json\/wp\/v2\/pages\/77","targetHints":{"allow":["GET"]}}],"collection":[{"href":"https:\/\/www.glasoptik-goslar.de\/index.php\/wp-json\/wp\/v2\/pages"}],"about":[{"href":"https:\/\/www.glasoptik-goslar.de\/index.php\/wp-json\/wp\/v2\/types\/page"}],"author":[{"embeddable":true,"href":"https:\/\/www.glasoptik-goslar.de\/index.php\/wp-json\/wp\/v2\/users\/1"}],"replies":[{"embeddable":true,"href":"https:\/\/www.glasoptik-goslar.de\/index.php\/wp-json\/wp\/v2\/comments?post=77"}],"version-history":[{"count":23,"href":"https:\/\/www.glasoptik-goslar.de\/index.php\/wp-json\/wp\/v2\/pages\/77\/revisions"}],"predecessor-version":[{"id":247,"href":"https:\/\/www.glasoptik-goslar.de\/index.php\/wp-json\/wp\/v2\/pages\/77\/revisions\/247"}],"wp:attachment":[{"href":"https:\/\/www.glasoptik-goslar.de\/index.php\/wp-json\/wp\/v2\/media?parent=77"}],"curies":[{"name":"wp","href":"https:\/\/api.w.org\/{rel}","templated":true}]}}