{"id":196,"date":"2020-07-03T09:57:51","date_gmt":"2020-07-03T07:57:51","guid":{"rendered":"http:\/\/www.glasoptik-goslar.de\/?page_id=196"},"modified":"2020-07-03T10:16:40","modified_gmt":"2020-07-03T08:16:40","slug":"hyperzentrische-objektive","status":"publish","type":"page","link":"https:\/\/www.glasoptik-goslar.de\/index.php\/produkte\/hyperzentrische-objektive\/","title":{"rendered":"Hyperzentrische Objektive"},"content":{"rendered":"\n<p>F\u00fcr Sensor &#8211; und Bauteilerkennungsanlagen fertigen wir hyperzentrische Objektive nach Ihren Vorgaben. Hyperzentrische Optiken k\u00f6nnen Bauteile von oben und gleichzeitig von allen Seiten abbilden.  Eine vollautomatisierte Erkennung von Bauteilen, Unterscheidung von Gut- und Ausschussteilen, sowie Verschmutzungserkennung sind mit diesen Objektiven m\u00f6glich.<br>Objektivdurchmesser von 200 mm und mehr sind hierbei umsetzbar. Wir beraten Sie gerne im Bereich Tiefensch\u00e4rfe, Fokusierung und ben\u00f6tigter Brennweite f\u00fcr Ihre Anwendung.<\/p>\n","protected":false},"excerpt":{"rendered":"<p>F\u00fcr Sensor &#8211; und Bauteilerkennungsanlagen fertigen wir hyperzentrische Objektive nach Ihren Vorgaben. Hyperzentrische Optiken k\u00f6nnen Bauteile von oben und gleichzeitig von allen Seiten abbilden. Eine vollautomatisierte Erkennung von Bauteilen, Unterscheidung von Gut- und Ausschussteilen, sowie Verschmutzungserkennung sind mit diesen Objektiven m\u00f6glich.Objektivdurchmesser von 200 mm und mehr sind hierbei umsetzbar. Wir beraten Sie gerne im Bereich &hellip; <\/p>\n<p class=\"link-more\"><a href=\"https:\/\/www.glasoptik-goslar.de\/index.php\/produkte\/hyperzentrische-objektive\/\" class=\"more-link\"><span class=\"screen-reader-text\">\u201eHyperzentrische Objektive\u201c<\/span> weiterlesen<\/a><\/p>\n","protected":false},"author":1,"featured_media":0,"parent":74,"menu_order":0,"comment_status":"closed","ping_status":"closed","template":"","meta":{"footnotes":""},"class_list":["post-196","page","type-page","status-publish","hentry"],"_links":{"self":[{"href":"https:\/\/www.glasoptik-goslar.de\/index.php\/wp-json\/wp\/v2\/pages\/196","targetHints":{"allow":["GET"]}}],"collection":[{"href":"https:\/\/www.glasoptik-goslar.de\/index.php\/wp-json\/wp\/v2\/pages"}],"about":[{"href":"https:\/\/www.glasoptik-goslar.de\/index.php\/wp-json\/wp\/v2\/types\/page"}],"author":[{"embeddable":true,"href":"https:\/\/www.glasoptik-goslar.de\/index.php\/wp-json\/wp\/v2\/users\/1"}],"replies":[{"embeddable":true,"href":"https:\/\/www.glasoptik-goslar.de\/index.php\/wp-json\/wp\/v2\/comments?post=196"}],"version-history":[{"count":5,"href":"https:\/\/www.glasoptik-goslar.de\/index.php\/wp-json\/wp\/v2\/pages\/196\/revisions"}],"predecessor-version":[{"id":202,"href":"https:\/\/www.glasoptik-goslar.de\/index.php\/wp-json\/wp\/v2\/pages\/196\/revisions\/202"}],"up":[{"embeddable":true,"href":"https:\/\/www.glasoptik-goslar.de\/index.php\/wp-json\/wp\/v2\/pages\/74"}],"wp:attachment":[{"href":"https:\/\/www.glasoptik-goslar.de\/index.php\/wp-json\/wp\/v2\/media?parent=196"}],"curies":[{"name":"wp","href":"https:\/\/api.w.org\/{rel}","templated":true}]}}